{"id":3175,"date":"2022-01-20T21:52:15","date_gmt":"2022-01-20T20:52:15","guid":{"rendered":"https:\/\/www.vsrohrbach-goelsen.ac.at\/?page_id=3175"},"modified":"2024-09-28T18:46:53","modified_gmt":"2024-09-28T16:46:53","slug":"ueber-uns","status":"publish","type":"page","link":"https:\/\/www.vsrohrbach-goelsen.ac.at\/?page_id=3175","title":{"rendered":"Unsere Schule"},"content":{"rendered":"<p>[vc_row full_width=&#8221;stretch_row_content_no_spaces&#8221;][vc_column cms_title_size=&#8221;h2&#8243; cms_counter_border_color=&#8221;&#8221; cms_counter_bg_color=&#8221;&#8221;][vc_empty_space height=&#8221;185px&#8221;][\/vc_column][\/vc_row][vc_row full_width=&#8221;stretch_row&#8221; css=&#8221;.vc_custom_1642920873806{padding-top: 20px !important;padding-bottom: 55px !important;background: #3bbcd6 url(http:\/\/dev.joomexp.com\/wordpress\/wp-kindergarten\/wp-content\/uploads\/2015\/04\/bg-vector.png?id=30) !important;background-position: center !important;background-repeat: no-repeat !important;background-size: cover !important;}&#8221; row_color=&#8221;#ffffff&#8221; bg_style=&#8221;bg-effect-lg&#8221; arrow_position=&#8221;top&#8221;][vc_column][vc_column_text el_class=&#8221;color-white&#8221;]<\/p>\n<p style=\"text-align: center; font-size: 38px; line-height: 48px; font-weight: bold;\">Volksschule Rohrbach an der G\u00f6lsen<\/p>\n<p>[\/vc_column_text][\/vc_column][\/vc_row][vc_row full_width=&#8221;stretch_row&#8221; arrow_position=&#8221;top&#8221; css=&#8221;.vc_custom_1480671872428{padding-top: 45px !important;padding-bottom: 80px !important;}&#8221;][vc_column width=&#8221;1\/2&#8243; column_responsive_large=&#8221;&#8221; column_responsive_medium=&#8221;&#8221; column_responsive_small=&#8221;&#8221; column_responsive_extra_small=&#8221;&#8221; cms_title_size=&#8221;h2&#8243;][vc_column_text]<span style=\"color: #6f4792; font-size: 21px; line-height: 31px; font-weight: bold;\">Wir helfen Ihren Kindern in allen Bereichen zu wachsen!<\/span>[\/vc_column_text][vc_empty_space height=&#8221;36px&#8221;][vc_column_text]Wir als Schule sind bestrebt jedes Kind <strong>zu begleiten, zu f\u00f6rdern<\/strong> und ihm ein gutes <strong>soziales R\u00fcstzeug f\u00fcr die Zukunft<\/strong> mitzugeben. Nicht nur die <strong>Vermittlung von Allgemeinwissen<\/strong> steht im Vordergrund, auch die anderen Bereiche des menschlichen Lebens, wie die <strong>Pers\u00f6nlichkeitsentwicklung<\/strong>, die <strong>religi\u00f6se Entwicklung<\/strong> und das erwerben <strong>sozialer Kompetenzen<\/strong> wie H\u00f6flichkeit, Hilfsbereitschaft, Ehrlichkeit, R\u00fccksichtnahme und Gemeinschaftssinn, sind f\u00fcr uns wichtig.<\/p>\n<p>Durch zus\u00e4tzliche F\u00f6rderstunden erhalten die Sch\u00fcler und Sch\u00fclerinnen die M\u00f6glichkeit L\u00fccken aufzuf\u00fcllen. Informatik, Chorgesang und Ballspiele werden als <strong>unverbindliche \u00dcbungen<\/strong> angeboten. Zus\u00e4tzlich wurde der Schwerpunkt <strong>\u201eGesunde Schule\u201c<\/strong> gesetzt, wo vor allem auf viel Bewegung im Unterricht, in den Pausen und auf gesunde Ern\u00e4hrung, bzw. Psychohygiene Wert gelegt wird.<\/p>\n<p>Um der <strong>Digitalisierung<\/strong> gerecht zu werden, stehen den Sch\u00fclern und Sch\u00fclerinnen in jeder Klasse Computer zur Verf\u00fcgung (Lesef\u00f6rderung, phonologische Programme zur Unterst\u00fctzung im Englischunterricht, Erg\u00e4nzungen zu den diversen Arbeitsb\u00fcchern und selbst\u00e4ndiges Forschen und Entdecken).<\/p>\n<p>In Kooperation mit der <strong>Musikschule<\/strong> werden Stimmbildung, Fl\u00f6ten-und Bl\u00e4serklasse angeboten.[\/vc_column_text][vc_empty_space height=&#8221;36px&#8221;][cms_button button_text=&#8221;Hausordnung&#8221; link_button=&#8221;url:https%3A%2F%2Fwww.vsrohrbach-goelsen.ac.at%2Fwp-content%2Fuploads%2F2022%2F01%2FSchulordnung_2021.pdf|target:_blank&#8221;][vc_empty_space height=&#8221;36px&#8221;][\/vc_column][vc_column width=&#8221;1\/2&#8243; font_size_col=&#8221;&#8221; font_line_height=&#8221;&#8221; font_weight_col=&#8221;&#8221; column_responsive_large=&#8221;&#8221; column_responsive_medium=&#8221;&#8221; column_responsive_small=&#8221;&#8221; column_responsive_extra_small=&#8221;&#8221; animation=&#8221;&#8221; text_align=&#8221;&#8221; column_style=&#8221;&#8221; list_style=&#8221;&#8221; cms_title_size=&#8221;h2&#8243; cms_counter_border_color=&#8221;&#8221; cms_counter_bg_color=&#8221;&#8221;][vc_single_image image=&#8221;3015&#8243; img_size=&#8221;large&#8221;][vc_empty_space][vc_single_image image=&#8221;3191&#8243; img_size=&#8221;medium&#8221; alignment=&#8221;center&#8221;][\/vc_column][\/vc_row][vc_row full_width=&#8221;stretch_row&#8221; css=&#8221;.vc_custom_1480671897297{padding-top: 85px !important;padding-bottom: 110px !important;background-color: #f5f5f5 !important;}&#8221; row_head_color=&#8221;#575656&#8243;][vc_column width=&#8221;1\/3&#8243; font_size_col=&#8221;&#8221; font_line_height=&#8221;&#8221; font_weight_col=&#8221;&#8221; column_responsive_large=&#8221;&#8221; column_responsive_medium=&#8221;&#8221; column_responsive_small=&#8221;&#8221; column_responsive_extra_small=&#8221;&#8221; animation=&#8221;&#8221; text_align=&#8221;&#8221; column_style=&#8221;&#8221; list_style=&#8221;&#8221; cms_title_size=&#8221;h2&#8243; cms_counter_border_color=&#8221;&#8221; cms_counter_bg_color=&#8221;&#8221;][cms_fancybox icon1=&#8221;fas fa-hand-holding-heart&#8221; title1=&#8221;F\u00f6rdern&#8221; cms_title_size=&#8221;h3&#8243; cms_fancybox_boder_color=&#8221;#0f9fbc&#8221; cms_fancybox_bg_color=&#8221;#34bfdb&#8221; description1=&#8221;Wir begleiten &amp; f\u00f6rdern jedes Kind.&#8221; cms_template=&#8221;cms_fancybox&#8211;layout-3.php&#8221;][vc_empty_space height=&#8221;50px&#8221;][cms_fancybox icon1=&#8221;far fa-smile&#8221; title1=&#8221;Pers\u00f6nlichkeit&#8221; cms_title_size=&#8221;h3&#8243; cms_fancybox_boder_color=&#8221;#81b747&#8243; cms_fancybox_bg_color=&#8221;#81b747&#8243; description1=&#8221;Entwicklung in allen Bereichen&#8221; cms_template=&#8221;cms_fancybox&#8211;layout-3.php&#8221;][\/vc_column][vc_column width=&#8221;1\/3&#8243; font_size_col=&#8221;&#8221; font_line_height=&#8221;&#8221; font_weight_col=&#8221;&#8221; column_responsive_large=&#8221;&#8221; column_responsive_medium=&#8221;&#8221; column_responsive_small=&#8221;&#8221; column_responsive_extra_small=&#8221;&#8221; animation=&#8221;&#8221; text_align=&#8221;&#8221; column_style=&#8221;&#8221; list_style=&#8221;&#8221; cms_title_size=&#8221;h2&#8243; cms_counter_border_color=&#8221;&#8221; cms_counter_bg_color=&#8221;&#8221;][cms_fancybox icon1=&#8221;fas fa-book&#8221; title1=&#8221;Lernen&#8221; cms_title_size=&#8221;h3&#8243; cms_fancybox_boder_color=&#8221;#ba2b6f&#8221; cms_fancybox_bg_color=&#8221;#da5192&#8243; description1=&#8221;Vermittlung von Allgemeinbildung&#8221; cms_template=&#8221;cms_fancybox&#8211;layout-3.php&#8221;][vc_empty_space height=&#8221;50px&#8221;][cms_fancybox icon1=&#8221;fas fa-cross&#8221; title1=&#8221;Tradition&#8221; cms_title_size=&#8221;h3&#8243; cms_fancybox_boder_color=&#8221;#5e3582&#8243; cms_fancybox_bg_color=&#8221;#6e4692&#8243; description1=&#8221;Religi\u00f6se Entwicklung&#8221; cms_template=&#8221;cms_fancybox&#8211;layout-3.php&#8221;][\/vc_column][vc_column width=&#8221;1\/3&#8243; font_size_col=&#8221;&#8221; font_line_height=&#8221;&#8221; font_weight_col=&#8221;&#8221; column_responsive_large=&#8221;&#8221; column_responsive_medium=&#8221;&#8221; column_responsive_small=&#8221;&#8221; column_responsive_extra_small=&#8221;&#8221; animation=&#8221;&#8221; text_align=&#8221;&#8221; column_style=&#8221;&#8221; list_style=&#8221;&#8221; cms_title_size=&#8221;h2&#8243; cms_counter_border_color=&#8221;&#8221; cms_counter_bg_color=&#8221;&#8221;][cms_fancybox icon1=&#8221;fas fa-child&#8221; title1=&#8221;Soziale Kompetenz&#8221; cms_title_size=&#8221;h3&#8243; cms_fancybox_boder_color=&#8221;#c05631&#8243; cms_fancybox_bg_color=&#8221;#ea8360&#8243; description1=&#8221;Gutes soziales R\u00fcstzeug f\u00fcr die Zukunft&#8221; cms_template=&#8221;cms_fancybox&#8211;layout-3.php&#8221;][vc_empty_space height=&#8221;50px&#8221;][cms_fancybox icon1=&#8221;fas fa-heartbeat&#8221; title1=&#8221;Gesunde Schule&#8221; cms_title_size=&#8221;h3&#8243; cms_fancybox_boder_color=&#8221;#f1c00a&#8221; cms_fancybox_bg_color=&#8221;#ffdd00&#8243; description1=&#8221;Bewegung, gesunde Ern\u00e4hrung und Psychohygiene&#8221; cms_template=&#8221;cms_fancybox&#8211;layout-3.php&#8221;][\/vc_column][\/vc_row]<\/p>\n","protected":false},"excerpt":{"rendered":"<p>[vc_row full_width=&#8221;stretch_row_content_no_spaces&#8221;][vc_column cms_title_size=&#8221;h2&#8243; cms_counter_border_color=&#8221;&#8221; cms_counter_bg_color=&#8221;&#8221;][vc_empty_space height=&#8221;185px&#8221;][\/vc_column][\/vc_row][vc_row full_width=&#8221;stretch_row&#8221; css=&#8221;.vc_custom_1642920873806{padding-top: 20px !important;padding-bottom: 55px !important;background: #3bbcd6 url(http:\/\/dev.joomexp.com\/wordpress\/wp-kindergarten\/wp-content\/uploads\/2015\/04\/bg-vector.png?id=30) !important;background-position: center !important;background-repeat: no-repeat !important;background-size: cover !important;}&#8221; row_color=&#8221;#ffffff&#8221; bg_style=&#8221;bg-effect-lg&#8221; arrow_position=&#8221;top&#8221;][vc_column][vc_column_text el_class=&#8221;color-white&#8221;] Volksschule Rohrbach an der G\u00f6lsen [\/vc_column_text][\/vc_column][\/vc_row][vc_row full_width=&#8221;stretch_row&#8221; arrow_position=&#8221;top&#8221; css=&#8221;.vc_custom_1480671872428{padding-top: 45px !important;padding-bottom: 80px !important;}&#8221;][vc_column width=&#8221;1\/2&#8243; column_responsive_large=&#8221;&#8221; column_responsive_medium=&#8221;&#8221; column_responsive_small=&#8221;&#8221; column_responsive_extra_small=&#8221;&#8221; cms_title_size=&#8221;h2&#8243;][vc_column_text]Wir helfen Ihren Kindern in allen Bereichen zu wachsen![\/vc_column_text][vc_empty_space height=&#8221;36px&#8221;][vc_column_text]Wir als Schule [&hellip;]<\/p>\n","protected":false},"author":1,"featured_media":0,"parent":0,"menu_order":0,"comment_status":"closed","ping_status":"closed","template":"","meta":{"footnotes":""},"class_list":["post-3175","page","type-page","status-publish","hentry"],"_links":{"self":[{"href":"https:\/\/www.vsrohrbach-goelsen.ac.at\/index.php?rest_route=\/wp\/v2\/pages\/3175","targetHints":{"allow":["GET"]}}],"collection":[{"href":"https:\/\/www.vsrohrbach-goelsen.ac.at\/index.php?rest_route=\/wp\/v2\/pages"}],"about":[{"href":"https:\/\/www.vsrohrbach-goelsen.ac.at\/index.php?rest_route=\/wp\/v2\/types\/page"}],"author":[{"embeddable":true,"href":"https:\/\/www.vsrohrbach-goelsen.ac.at\/index.php?rest_route=\/wp\/v2\/users\/1"}],"replies":[{"embeddable":true,"href":"https:\/\/www.vsrohrbach-goelsen.ac.at\/index.php?rest_route=%2Fwp%2Fv2%2Fcomments&post=3175"}],"version-history":[{"count":20,"href":"https:\/\/www.vsrohrbach-goelsen.ac.at\/index.php?rest_route=\/wp\/v2\/pages\/3175\/revisions"}],"predecessor-version":[{"id":3756,"href":"https:\/\/www.vsrohrbach-goelsen.ac.at\/index.php?rest_route=\/wp\/v2\/pages\/3175\/revisions\/3756"}],"wp:attachment":[{"href":"https:\/\/www.vsrohrbach-goelsen.ac.at\/index.php?rest_route=%2Fwp%2Fv2%2Fmedia&parent=3175"}],"curies":[{"name":"wp","href":"https:\/\/api.w.org\/{rel}","templated":true}]}}