{"id":3576,"date":"2022-01-29T21:24:35","date_gmt":"2022-01-29T20:24:35","guid":{"rendered":"https:\/\/www.vsrohrbach-goelsen.ac.at\/?page_id=3576"},"modified":"2022-03-06T17:02:11","modified_gmt":"2022-03-06T16:02:11","slug":"impressum","status":"publish","type":"page","link":"https:\/\/www.vsrohrbach-goelsen.ac.at\/?page_id=3576","title":{"rendered":"Impressum"},"content":{"rendered":"<p>[vc_row full_width=&#8221;stretch_row_content_no_spaces&#8221;][vc_column cms_title_size=&#8221;h2&#8243; cms_counter_border_color=&#8221;&#8221; cms_counter_bg_color=&#8221;&#8221;][vc_empty_space height=&#8221;185px&#8221;][\/vc_column][\/vc_row][vc_row full_width=&#8221;stretch_row&#8221; row_color=&#8221;#ffffff&#8221; bg_style=&#8221;bg-effect-lg&#8221; css=&#8221;.vc_custom_1642869665617{padding-top: 20px !important;padding-bottom: 55px !important;background: #89b955 url(http:\/\/dev.joomexp.com\/wordpress\/wp-kindergarten\/wp-content\/uploads\/2015\/04\/bg-vector.png?id=30) !important;background-position: center !important;background-repeat: no-repeat !important;background-size: cover !important;}&#8221;][vc_column][vc_column_text el_class=&#8221;color-white&#8221;]<\/p>\n<p style=\"text-align: center; font-size: 38px; line-height: 48px; font-weight: bold;\">Impressum<\/p>\n<p>[\/vc_column_text][\/vc_column][\/vc_row][vc_row full_width=&#8221;stretch_row_content_no_spaces&#8221;][vc_column cms_title_size=&#8221;h2&#8243; cms_counter_border_color=&#8221;&#8221; cms_counter_bg_color=&#8221;&#8221;][vc_empty_space height=&#8221;50px&#8221;][\/vc_column][\/vc_row][vc_row][vc_column][vc_column_text]<\/p>\n<div id=\"pl-72\" class=\"panel-layout\">\n<div id=\"pg-72-0\" class=\"panel-grid panel-no-style\">\n<div id=\"pgc-72-0-0\" class=\"panel-grid-cell panel-grid-cell-mobile-last\">\n<div id=\"panel-72-0-0-0\" class=\"so-panel widget widget_sow-editor panel-first-child panel-last-child\" data-index=\"0\">\n<div class=\"so-widget-sow-editor so-widget-sow-editor-base\">\n<div class=\"siteorigin-widget-tinymce textwidget\">\n<h4>Anbieter<\/h4>\n<p>Volksschule Rohrbach an der G\u00f6lsen<br \/>\nSchulstra\u00dfe 10, 3163 Rohrbach<br \/>\n02764\/2337, vs.rohrbach-goelsen@noeschule.at<\/p>\n<p>Direktorin: Dipl. p\u00e4d. VD Magdalena Fertner<\/p>\n<p>&nbsp;<\/p>\n<h4>Kontakt<\/h4>\n<\/div>\n<\/div>\n<\/div>\n<\/div>\n<\/div>\n<div id=\"pg-72-1\" class=\"panel-grid panel-no-style\">\n<div id=\"pgc-72-1-0\" class=\"panel-grid-cell\">\n<div id=\"panel-72-1-0-0\" class=\"so-panel widget widget_sow-editor panel-first-child panel-last-child\" data-index=\"1\">\n<div class=\"so-widget-sow-editor so-widget-sow-editor-base\">\n<div class=\"siteorigin-widget-tinymce textwidget\">\n<p>Tel: +43 (0) 2764 2337<br \/>\nMail: vs.rohrbach-goelsen@noeschule.at<\/p>\n<p>&nbsp;<\/p>\n<h4>Haftung\u00a0f\u00fcr Inhalte<\/h4>\n<p>Die Inhalte unserer Seiten wurden mit gr\u00f6\u00dfter Sorgfalt erstellt. F\u00fcr die Richtigkeit, Vollst\u00e4ndigkeit und Aktualit\u00e4t der Inhalte k\u00f6nnen wir jedoch keine Gew\u00e4hr \u00fcbernehmen. Als Dienstanbieter sind wir gem\u00e4\u00df \u00a7 7 Abs. 1 TMG f\u00fcr eigene Inhalte auf diesen Seiten nach den allgemeinen Gesetzen verantwortlich. Nach \u00a7\u00a7 8 bis 10 TMG sind wir als Dienstanbieter jedoch nicht verpflichtet, \u00fcbermittelte oder gespeicherte fremde Informationen zu \u00fcberwachen oder nach Umst\u00e4nden zu forschen, die auf eine rechtswidrige T\u00e4tigkeit hinweisen. Verpflichtungen zur Entfernung oder Sperrung der Nutzung von Informationen nach den allgemeinen Gesetzen bleiben hiervon unber\u00fchrt. Eine diesbez\u00fcgliche Haftung ist jedoch erst ab dem Zeitpunkt der Kenntnis einer konkreten Rechtsverletzung m\u00f6glich. Bei bekannt werden von entsprechenden Rechtsverletzungen werden wir diese Inhalte umgehend entfernen.<\/p>\n<h4><\/h4>\n<h4>Haftung f\u00fcr Links<\/h4>\n<p>Unser Angebot enth\u00e4lt Links zu externen Webseiten Dritter, auf deren Inhalte wir keinen Einfluss haben. Deshalb k\u00f6nnen wir f\u00fcr diese fremden Inhalte auch keine Gew\u00e4hr \u00fcbernehmen. F\u00fcr die Inhalte der verlinkten Seiten ist stets der jeweilige Anbieter oder Betreiber der Seiten verantwortlich. Die verlinkten Seiten wurden zum Zeitpunkt der Verlinkung auf m\u00f6gliche Rechtsverst\u00f6\u00dfe \u00fcberpr\u00fcft. Rechtswidrige Inhalte waren zum Zeitpunkt der Verlinkung nicht erkennbar. Eine permanente inhaltliche Kontrolle der verlinkten Seiten ist jedoch ohne konkrete Anhaltspunkte einer Rechtsverletzung nicht zumutbar. Bei bekannt werden von Rechtsverletzungen werden wir derartige Links umgehend entfernen.<\/p>\n<h4><\/h4>\n<h4>Urheberrecht<\/h4>\n<p>Die durch die Seitenbetreiber erstellten Inhalte und Werke auf diesen Seiten unterliegen dem\u00a0\u00f6sterreichischen Urheberrecht. Beitr\u00e4ge Dritter sind als solche gekennzeichnet. Die Vervielf\u00e4ltigung, Bearbeitung, Verbreitung und jede Art der Verwertung au\u00dferhalb der Grenzen des Urheberrechts bed\u00fcrfen der schriftlichen Zustimmung des jeweiligen Autors bzw. Erstellers. Downloads und Kopien dieser Seite sind nur f\u00fcr den privaten, nicht kommerziellen Gebrauch gestattet. Die Betreiber der Seiten sind bem\u00fcht, stets die Urheberrechte anderer zu beachten bzw. auf selbst erstellte\u00a0sowie lizenzfreie Werke zur\u00fcckzugreifen.<\/p>\n<h4><\/h4>\n<h4>Datenschutz<\/h4>\n<p>Soweit auf unseren Seiten personenbezogene Daten (beispielsweise Name, Anschrift oder E-Mail-Adressen) erhoben werden, erfolgt dies soweit m\u00f6glich stets auf freiwilliger Basis. Die Nutzung der Angebote und Dienste ist, soweit m\u00f6glich, stets ohne Angabe personenbezogener Daten m\u00f6glich. Wir weisen darauf hin, dass die Daten\u00fcbertragung im Internet (z.B. bei einer Kommunikation per E-Mail) Sicherheitsl\u00fccken aufweisen kann. Ein l\u00fcckenloser Schutz der Daten vor dem Zugriff durch Dritte ist nicht m\u00f6glich. Der Nutzung, von im Rahmen der Impressumpflicht ver\u00f6ffentlichten Kontaktdaten, durch Dritte zur \u00dcbersendung von nicht ausdr\u00fccklich angeforderter Werbung und Informationsmaterialien wird hiermit ausdr\u00fccklich widersprochen. Die Betreiber der Seiten behalten sich ausdr\u00fccklich rechtliche Schritte im Falle der unverlangten Zusendung von Werbeinformationen, etwa durch Spam-Mails, vor.<\/p>\n<h4><\/h4>\n<h4>Erkl\u00e4rung zur Informationspflicht<\/h4>\n<p>Der Schutz Ihrer pers\u00f6nlichen Daten ist uns ein besonderes Anliegen. Wir verarbeiten Ihre Daten daher ausschlie\u00dflich auf Grundlage der gesetzlichen Bestimmungen (DSGVO, TKG 2003). In diesen Datenschutzinformationen informieren wir Sie \u00fcber die wichtigsten Aspekte der Datenverarbeitung im Rahmen unserer Website.<\/p>\n<h4><\/h4>\n<h4>Kontakt mit uns<\/h4>\n<p>Wenn Sie per Formular auf der Website oder per E-Mail Kontakt mit uns aufnehmen, werden Ihre angegebenen Daten zwecks Bearbeitung der Anfrage und f\u00fcr den Fall von Anschlussfragen sechs Monate bei uns gespeichert. Diese Daten geben wir nicht ohne Ihre Einwilligung weiter.<\/p>\n<h4><\/h4>\n<h4>Ihre Rechte<\/h4>\n<p>Ihnen stehen grunds\u00e4tzlich die Rechte auf Auskunft, Berichtigung, L\u00f6schung, Einschr\u00e4nkung, Daten\u00fcbertragbarkeit, Widerruf und Widerspruch zu. Wenn Sie glauben, dass die Verarbeitung Ihrer Daten gegen das Datenschutzrecht verst\u00f6\u00dft oder Ihre datenschutzrechtlichen Anspr\u00fcche sonst in einer Weise verletzt worden sind, k\u00f6nnen Sie sich bei der Aufsichtsbeh\u00f6rde beschweren. In \u00d6sterreich ist dies die Datenschutzbeh\u00f6rde.<\/p>\n<h4><\/h4>\n<h4>Sie erreichen uns unter folgenden Kontaktdaten:<\/h4>\n<p>Volksschule Rohrbach an der G\u00f6lsen, Schulstra\u00dfe 10, 3163 Rohrbach, 02764\/2337, vs.rohrbach-goelsen@noeschule.at<\/p>\n<\/div>\n<\/div>\n<\/div>\n<\/div>\n<\/div>\n<\/div>\n<p>[\/vc_column_text][\/vc_column][\/vc_row]<\/p>\n","protected":false},"excerpt":{"rendered":"<p>[vc_row full_width=&#8221;stretch_row_content_no_spaces&#8221;][vc_column cms_title_size=&#8221;h2&#8243; cms_counter_border_color=&#8221;&#8221; cms_counter_bg_color=&#8221;&#8221;][vc_empty_space height=&#8221;185px&#8221;][\/vc_column][\/vc_row][vc_row full_width=&#8221;stretch_row&#8221; row_color=&#8221;#ffffff&#8221; bg_style=&#8221;bg-effect-lg&#8221; css=&#8221;.vc_custom_1642869665617{padding-top: 20px !important;padding-bottom: 55px !important;background: #89b955 url(http:\/\/dev.joomexp.com\/wordpress\/wp-kindergarten\/wp-content\/uploads\/2015\/04\/bg-vector.png?id=30) !important;background-position: center !important;background-repeat: no-repeat !important;background-size: cover !important;}&#8221;][vc_column][vc_column_text el_class=&#8221;color-white&#8221;] Impressum [\/vc_column_text][\/vc_column][\/vc_row][vc_row full_width=&#8221;stretch_row_content_no_spaces&#8221;][vc_column cms_title_size=&#8221;h2&#8243; cms_counter_border_color=&#8221;&#8221; cms_counter_bg_color=&#8221;&#8221;][vc_empty_space height=&#8221;50px&#8221;][\/vc_column][\/vc_row][vc_row][vc_column][vc_column_text] Anbieter Volksschule Rohrbach an der G\u00f6lsen Schulstra\u00dfe 10, 3163 Rohrbach 02764\/2337, vs.rohrbach-goelsen@noeschule.at Direktorin: Dipl. p\u00e4d. VD Magdalena Fertner &nbsp; Kontakt Tel: +43 (0) 2764 [&hellip;]<\/p>\n","protected":false},"author":1,"featured_media":0,"parent":0,"menu_order":0,"comment_status":"closed","ping_status":"closed","template":"","meta":{"footnotes":""},"class_list":["post-3576","page","type-page","status-publish","hentry"],"_links":{"self":[{"href":"https:\/\/www.vsrohrbach-goelsen.ac.at\/index.php?rest_route=\/wp\/v2\/pages\/3576","targetHints":{"allow":["GET"]}}],"collection":[{"href":"https:\/\/www.vsrohrbach-goelsen.ac.at\/index.php?rest_route=\/wp\/v2\/pages"}],"about":[{"href":"https:\/\/www.vsrohrbach-goelsen.ac.at\/index.php?rest_route=\/wp\/v2\/types\/page"}],"author":[{"embeddable":true,"href":"https:\/\/www.vsrohrbach-goelsen.ac.at\/index.php?rest_route=\/wp\/v2\/users\/1"}],"replies":[{"embeddable":true,"href":"https:\/\/www.vsrohrbach-goelsen.ac.at\/index.php?rest_route=%2Fwp%2Fv2%2Fcomments&post=3576"}],"version-history":[{"count":14,"href":"https:\/\/www.vsrohrbach-goelsen.ac.at\/index.php?rest_route=\/wp\/v2\/pages\/3576\/revisions"}],"predecessor-version":[{"id":3628,"href":"https:\/\/www.vsrohrbach-goelsen.ac.at\/index.php?rest_route=\/wp\/v2\/pages\/3576\/revisions\/3628"}],"wp:attachment":[{"href":"https:\/\/www.vsrohrbach-goelsen.ac.at\/index.php?rest_route=%2Fwp%2Fv2%2Fmedia&parent=3576"}],"curies":[{"name":"wp","href":"https:\/\/api.w.org\/{rel}","templated":true}]}}